{"id":919,"date":"2014-10-30T19:53:40","date_gmt":"2014-10-30T18:53:40","guid":{"rendered":"http:\/\/www.avivre-consult.eu\/?page_id=919"},"modified":"2016-07-11T14:09:22","modified_gmt":"2016-07-11T13:09:22","slug":"partners","status":"publish","type":"page","link":"https:\/\/www.avivre-consult.eu\/en\/partners\/","title":{"rendered":"Partners"},"content":{"rendered":"<h1>Partners<\/h1>\n<div class=\"divider\"><\/div>\n<p><div class=\"three-columns-one\">\n<img loading=\"lazy\" decoding=\"async\" class=\"alignnone size-full wp-image-863\" alt=\"logo-hilse-konzept\" src=\"https:\/\/www.avivre-consult.eu\/wp-content\/uploads\/2014\/10\/logo-hilse-konzept.jpg\" width=\"250\" height=\"113\" \/><br \/>\n<\/div><div class=\"three-columns-two\"><strong>HILSE:KONZEPT<\/strong><br \/>\nManagement- und Kommunikationsberatung f\u00fcr das Gesundheits- und Sozialwesen, Inhaber: Dr. Thomas Hilse<br \/>\nT\u00e4tigkeitsfelder von HILSE:KONZEPT<\/p>\n<ul>\n<li>Entwicklung und Umsetzung von Konzepten zum Marketing-, Belegungs- und Versorgungsmanagement f\u00fcr Senioreneinrichtungen<\/li>\n<li>Unterst\u00fctzung bei der Professionalisierung des Managements von Einweiser- und Zuweiserbeziehungen<\/li>\n<li>Reorganisation und Weiterentwicklung von Senioreneinrichtungen und Sozialunternehmen<\/li>\n<li>Erschlie\u00dfung neuer Gesch\u00e4ftsfelder und Entwicklung innovativer Wohn-, Betreuungs- und Versorgungsformen<\/li>\n<li>Fort- und Weiterbildung von F\u00fchrungs- und Fachkr\u00e4ften in den Feldern Marke, Marketing und Management<\/li>\n<li>Durchf\u00fchrung des Fachkongresses \u201eMarketing f\u00fcr Senioreneinrichtungen\u201c und Initiator \u201eMarketing-Preis f\u00fcr Senioreneinrichtungen\u201c<\/li>\n<\/ul>\n<p><a title=\"HILSE:KONZEPT\" href=\"http:\/\/www.hilsekonzept.com\/\" target=\"_blank\">www.hilsekonzept.com<\/a><br \/>\n<a <a class=\"standard-btn green-btn pfege-button\" target=\"_blank\" href=\"https:\/\/www.avivre-consult.eu\/wp-content\/uploads\/2015\/11\/Einrichtungscheck-Betreiber.pdf\">In cooperation with HILSE:KONZEPT: Download Flyer &#8220;Check for care facilities&#8221; (PDF)<\/a><br \/>\n<\/div><\/p>\n<p><div class=\"divider\"><\/div><div class=\"three-columns-one\">\n<img loading=\"lazy\" decoding=\"async\" class=\"alignleft size-full wp-image-912\" alt=\"logo-michael-wipp\" src=\"https:\/\/www.avivre-consult.eu\/wp-content\/uploads\/2014\/10\/logo-michael-wipp.png\" width=\"251\" height=\"95\" \/><br \/>\n<\/div><div class=\"three-columns-two\"><strong>Michael Wipp<\/strong><br \/>\nT\u00e4tigkeitsfelder von Michael Wipp<\/p>\n<ul>\n<li>Bundesweit einzigartige \u00dcbersicht zu Pflegeschl\u00fcsseln\/Pflegeanhaltswerten<\/li>\n<li>Seminare, Kongresse, Tagungen<\/li>\n<li>Fachbeitr\u00e4ge aus Fachzeitschriften und Publikationen<\/li>\n<li>Spezielle Fachbeitragsserien (Dienstplanung, PTVS)<\/li>\n<li>Fachb\u00fccher (Fehlzeiten, Dienstplangestaltung, Qualit\u00e4tspr\u00fcfungen)<\/li>\n<\/ul>\n<p><a title=\"Michael Wipp\" href=\"http:\/\/www.michael-wipp.de\/\" target=\"_blank\">www.michael-wipp.de<\/a><br \/>\n<\/div><\/p>\n<p><div class=\"divider\"><\/div><div class=\"three-columns-one\">\n<img loading=\"lazy\" decoding=\"async\" class=\"alignleft size-full wp-image-983\" alt=\"CIS\" width=\"160\" src=\"https:\/\/www.avivre-consult.eu\/wp-content\/uploads\/2015\/02\/CIS.jpg\" width=\"251\" height=\"86\" \/><br \/>\n<\/div><div class=\"three-columns-two\"><strong>CIS<\/strong><\/p>\n<p>Die CIS bietet als Systemhaus mit 15j\u00e4hriger Fachkompetenz speziell f\u00fcr Alten- und Pflegeheime angepasste EDV-Plattformen. Wahlweise als klassische Server- oder als moderne Cloud-L\u00f6sung. Als Systemintegrator und Betreiber zweier Rechenzentren pflegt CIS die intensive Zusammenarbeit mit Kunden und Partnern, um die EDV-L\u00f6sungen st\u00e4ndig an die Anforderungen anzupassen.<\/p>\n<p><a title=\"CIS\" href=\"http:\/\/www.eitie.de\/\" target=\"_blank\">http:\/\/www.eitie.de<\/a><br \/>\n<\/div><\/p>\n<p><div class=\"divider\"><\/div><div class=\"three-columns-one\">\n<a href=\"https:\/\/www.avivre-consult.eu\/wp-content\/uploads\/2016\/01\/Viamedica_pflege+_subline.jpg\"><img loading=\"lazy\" decoding=\"async\" src=\"https:\/\/www.avivre-consult.eu\/wp-content\/uploads\/2016\/01\/Viamedica_pflege+_subline-300x50.jpg\" alt=\"Viamedica_pflege+_subline\" width=\"300\" height=\"50\" class=\"alignnone size-medium wp-image-1227\" srcset=\"https:\/\/www.avivre-consult.eu\/wp-content\/uploads\/2016\/01\/Viamedica_pflege+_subline-300x50.jpg 300w, https:\/\/www.avivre-consult.eu\/wp-content\/uploads\/2016\/01\/Viamedica_pflege+_subline-1024x173.jpg 1024w\" sizes=\"auto, (max-width: 300px) 100vw, 300px\" \/><\/a><br \/>\n<\/div><div class=\"three-columns-two\"><strong>viamedica PFLEGE+<\/strong><\/p>\n<p>viamedica PFLEGE+, die Kampagne der Stiftung viamedica, unterst\u00fctzt Pflegeeinrichtungen dabei, mit Energieeffizienz Betriebskosten zu sparen und damit die Einrichtungen bei diesem Thema zu entlasten. Wir k\u00fcmmern uns um W\u00e4rme und Strom, um Komfort und Behaglichkeit in Ihrem Haus. <\/p>\n<p><a title=\"CIS\" href=\"http:\/\/www.viamedica-pflegeplus.de\/home\/\" target=\"_blank\">www.viamedica-pflegeplus.de<\/a><br \/>\n<\/div><\/p>\n<div class=\"divider\"><\/div>\n<div class=\"three-columns-one\">\n<a href=\"https:\/\/www.avivre-consult.eu\/wp-content\/uploads\/2016\/07\/logo-apc.png\"><img loading=\"lazy\" decoding=\"async\" src=\"https:\/\/www.avivre-consult.eu\/wp-content\/uploads\/2016\/07\/logo-apc-300x117.png\" alt=\"logo apc\" width=\"300\" height=\"117\" class=\"aligncenter size-medium wp-image-1337\" srcset=\"https:\/\/www.avivre-consult.eu\/wp-content\/uploads\/2016\/07\/logo-apc-300x117.png 300w, https:\/\/www.avivre-consult.eu\/wp-content\/uploads\/2016\/07\/logo-apc.png 368w\" sizes=\"auto, (max-width: 300px) 100vw, 300px\" \/><\/a><br \/>\n<\/div>\n<div class=\"three-columns-two\"><strong>Aktiv Projekt Consulting e.K.<\/strong><\/p>\n<p>Ein kompetentes Team mit mehr als 30j\u00e4hriger Erfahrung in der Entwicklung und Umsetzung von Immobilienprojekten u.a. im Pflegebereich.<br \/>\n<a title=\"APC\" href=\"http:\/\/apc-ek.de\/index.php\" target=\"_blank\">http:\/\/apc-ek.de<\/a><br \/>\n<\/div>\n","protected":false},"excerpt":{"rendered":"<p>Partners<\/p>\n","protected":false},"author":1,"featured_media":0,"parent":0,"menu_order":0,"comment_status":"closed","ping_status":"closed","template":"","meta":{"footnotes":""},"class_list":["post-919","page","type-page","status-publish","hentry"],"yoast_head":"<!-- This site is optimized with the Yoast SEO plugin v26.6 - https:\/\/yoast.com\/wordpress\/plugins\/seo\/ -->\n<title>Partners - Avivre Consult<\/title>\n<meta name=\"description\" content=\"Detailpr\u00fcfung (Due Diligence) und Bewertung von Immobilien und Betrieben auf dem Gesundheits- und Sozialsektor, M&amp;A-Transaktionen, Auditierung von Pflegeeinrichtungen, Interims-Management, Finanzcontrolling, Optimierung der Pflege\" \/>\n<meta name=\"robots\" content=\"index, follow, max-snippet:-1, max-image-preview:large, max-video-preview:-1\" \/>\n<link rel=\"canonical\" href=\"https:\/\/www.avivre-consult.eu\/en\/partners\/\" \/>\n<meta property=\"og:locale\" content=\"en_US\" \/>\n<meta property=\"og:type\" content=\"article\" \/>\n<meta property=\"og:title\" content=\"Partners - Avivre Consult\" \/>\n<meta property=\"og:description\" content=\"Detailpr\u00fcfung (Due Diligence) und Bewertung von Immobilien und Betrieben auf dem Gesundheits- und Sozialsektor, M&amp;A-Transaktionen, Auditierung von Pflegeeinrichtungen, Interims-Management, Finanzcontrolling, Optimierung der Pflege\" \/>\n<meta property=\"og:url\" content=\"https:\/\/www.avivre-consult.eu\/en\/partners\/\" \/>\n<meta property=\"og:site_name\" content=\"Avivre Consult\" \/>\n<meta property=\"article:modified_time\" content=\"2016-07-11T13:09:22+00:00\" \/>\n<meta property=\"og:image\" content=\"https:\/\/www.avivre-consult.eu\/wp-content\/uploads\/2014\/10\/logo-hilse-konzept.jpg\" \/>\n<meta name=\"twitter:card\" content=\"summary_large_image\" \/>\n<meta name=\"twitter:label1\" content=\"Est. reading time\" \/>\n\t<meta name=\"twitter:data1\" content=\"1 minute\" \/>\n<script type=\"application\/ld+json\" class=\"yoast-schema-graph\">{\"@context\":\"https:\/\/schema.org\",\"@graph\":[{\"@type\":\"WebPage\",\"@id\":\"https:\/\/www.avivre-consult.eu\/en\/partners\/\",\"url\":\"https:\/\/www.avivre-consult.eu\/en\/partners\/\",\"name\":\"Partners - Avivre Consult\",\"isPartOf\":{\"@id\":\"https:\/\/www.avivre-consult.eu\/#website\"},\"primaryImageOfPage\":{\"@id\":\"https:\/\/www.avivre-consult.eu\/en\/partners\/#primaryimage\"},\"image\":{\"@id\":\"https:\/\/www.avivre-consult.eu\/en\/partners\/#primaryimage\"},\"thumbnailUrl\":\"https:\/\/www.avivre-consult.eu\/wp-content\/uploads\/2014\/10\/logo-hilse-konzept.jpg\",\"datePublished\":\"2014-10-30T18:53:40+00:00\",\"dateModified\":\"2016-07-11T13:09:22+00:00\",\"description\":\"Detailpr\u00fcfung (Due Diligence) und Bewertung von Immobilien und Betrieben auf dem Gesundheits- und Sozialsektor, M&A-Transaktionen, Auditierung von Pflegeeinrichtungen, Interims-Management, Finanzcontrolling, Optimierung der Pflege\",\"breadcrumb\":{\"@id\":\"https:\/\/www.avivre-consult.eu\/en\/partners\/#breadcrumb\"},\"inLanguage\":\"en-US\",\"potentialAction\":[{\"@type\":\"ReadAction\",\"target\":[\"https:\/\/www.avivre-consult.eu\/en\/partners\/\"]}]},{\"@type\":\"ImageObject\",\"inLanguage\":\"en-US\",\"@id\":\"https:\/\/www.avivre-consult.eu\/en\/partners\/#primaryimage\",\"url\":\"https:\/\/www.avivre-consult.eu\/wp-content\/uploads\/2014\/10\/logo-hilse-konzept.jpg\",\"contentUrl\":\"https:\/\/www.avivre-consult.eu\/wp-content\/uploads\/2014\/10\/logo-hilse-konzept.jpg\"},{\"@type\":\"BreadcrumbList\",\"@id\":\"https:\/\/www.avivre-consult.eu\/en\/partners\/#breadcrumb\",\"itemListElement\":[{\"@type\":\"ListItem\",\"position\":1,\"name\":\"Startseite\",\"item\":\"https:\/\/www.avivre-consult.eu\/en\/startseite-eng\/\"},{\"@type\":\"ListItem\",\"position\":2,\"name\":\"Partners\"}]},{\"@type\":\"WebSite\",\"@id\":\"https:\/\/www.avivre-consult.eu\/#website\",\"url\":\"https:\/\/www.avivre-consult.eu\/\",\"name\":\"Avivre Consult\",\"description\":\"Detailpr\u00fcfung (Due Diligence) und Bewertung von Immobilien und Betrieben auf dem Gesundheits- und Sozialsektor, M&amp;A-Transaktionen, Auditierung von Pflegeeinrichtungen, Interims-Management, Finanzcontrolling, Optimierung der Pflege\",\"potentialAction\":[{\"@type\":\"SearchAction\",\"target\":{\"@type\":\"EntryPoint\",\"urlTemplate\":\"https:\/\/www.avivre-consult.eu\/?s={search_term_string}\"},\"query-input\":{\"@type\":\"PropertyValueSpecification\",\"valueRequired\":true,\"valueName\":\"search_term_string\"}}],\"inLanguage\":\"en-US\"}]}<\/script>\n<!-- \/ Yoast SEO plugin. -->","yoast_head_json":{"title":"Partners - Avivre Consult","description":"Detailpr\u00fcfung (Due Diligence) und Bewertung von Immobilien und Betrieben auf dem Gesundheits- und Sozialsektor, M&A-Transaktionen, Auditierung von Pflegeeinrichtungen, Interims-Management, Finanzcontrolling, Optimierung der Pflege","robots":{"index":"index","follow":"follow","max-snippet":"max-snippet:-1","max-image-preview":"max-image-preview:large","max-video-preview":"max-video-preview:-1"},"canonical":"https:\/\/www.avivre-consult.eu\/en\/partners\/","og_locale":"en_US","og_type":"article","og_title":"Partners - Avivre Consult","og_description":"Detailpr\u00fcfung (Due Diligence) und Bewertung von Immobilien und Betrieben auf dem Gesundheits- und Sozialsektor, M&A-Transaktionen, Auditierung von Pflegeeinrichtungen, Interims-Management, Finanzcontrolling, Optimierung der Pflege","og_url":"https:\/\/www.avivre-consult.eu\/en\/partners\/","og_site_name":"Avivre Consult","article_modified_time":"2016-07-11T13:09:22+00:00","og_image":[{"url":"https:\/\/www.avivre-consult.eu\/wp-content\/uploads\/2014\/10\/logo-hilse-konzept.jpg","type":"","width":"","height":""}],"twitter_card":"summary_large_image","twitter_misc":{"Est. reading time":"1 minute"},"schema":{"@context":"https:\/\/schema.org","@graph":[{"@type":"WebPage","@id":"https:\/\/www.avivre-consult.eu\/en\/partners\/","url":"https:\/\/www.avivre-consult.eu\/en\/partners\/","name":"Partners - Avivre Consult","isPartOf":{"@id":"https:\/\/www.avivre-consult.eu\/#website"},"primaryImageOfPage":{"@id":"https:\/\/www.avivre-consult.eu\/en\/partners\/#primaryimage"},"image":{"@id":"https:\/\/www.avivre-consult.eu\/en\/partners\/#primaryimage"},"thumbnailUrl":"https:\/\/www.avivre-consult.eu\/wp-content\/uploads\/2014\/10\/logo-hilse-konzept.jpg","datePublished":"2014-10-30T18:53:40+00:00","dateModified":"2016-07-11T13:09:22+00:00","description":"Detailpr\u00fcfung (Due Diligence) und Bewertung von Immobilien und Betrieben auf dem Gesundheits- und Sozialsektor, M&A-Transaktionen, Auditierung von Pflegeeinrichtungen, Interims-Management, Finanzcontrolling, Optimierung der Pflege","breadcrumb":{"@id":"https:\/\/www.avivre-consult.eu\/en\/partners\/#breadcrumb"},"inLanguage":"en-US","potentialAction":[{"@type":"ReadAction","target":["https:\/\/www.avivre-consult.eu\/en\/partners\/"]}]},{"@type":"ImageObject","inLanguage":"en-US","@id":"https:\/\/www.avivre-consult.eu\/en\/partners\/#primaryimage","url":"https:\/\/www.avivre-consult.eu\/wp-content\/uploads\/2014\/10\/logo-hilse-konzept.jpg","contentUrl":"https:\/\/www.avivre-consult.eu\/wp-content\/uploads\/2014\/10\/logo-hilse-konzept.jpg"},{"@type":"BreadcrumbList","@id":"https:\/\/www.avivre-consult.eu\/en\/partners\/#breadcrumb","itemListElement":[{"@type":"ListItem","position":1,"name":"Startseite","item":"https:\/\/www.avivre-consult.eu\/en\/startseite-eng\/"},{"@type":"ListItem","position":2,"name":"Partners"}]},{"@type":"WebSite","@id":"https:\/\/www.avivre-consult.eu\/#website","url":"https:\/\/www.avivre-consult.eu\/","name":"Avivre Consult","description":"Detailpr\u00fcfung (Due Diligence) und Bewertung von Immobilien und Betrieben auf dem Gesundheits- und Sozialsektor, M&amp;A-Transaktionen, Auditierung von Pflegeeinrichtungen, Interims-Management, Finanzcontrolling, Optimierung der Pflege","potentialAction":[{"@type":"SearchAction","target":{"@type":"EntryPoint","urlTemplate":"https:\/\/www.avivre-consult.eu\/?s={search_term_string}"},"query-input":{"@type":"PropertyValueSpecification","valueRequired":true,"valueName":"search_term_string"}}],"inLanguage":"en-US"}]}},"_links":{"self":[{"href":"https:\/\/www.avivre-consult.eu\/en\/wp-json\/wp\/v2\/pages\/919","targetHints":{"allow":["GET"]}}],"collection":[{"href":"https:\/\/www.avivre-consult.eu\/en\/wp-json\/wp\/v2\/pages"}],"about":[{"href":"https:\/\/www.avivre-consult.eu\/en\/wp-json\/wp\/v2\/types\/page"}],"author":[{"embeddable":true,"href":"https:\/\/www.avivre-consult.eu\/en\/wp-json\/wp\/v2\/users\/1"}],"replies":[{"embeddable":true,"href":"https:\/\/www.avivre-consult.eu\/en\/wp-json\/wp\/v2\/comments?post=919"}],"version-history":[{"count":12,"href":"https:\/\/www.avivre-consult.eu\/en\/wp-json\/wp\/v2\/pages\/919\/revisions"}],"predecessor-version":[{"id":1341,"href":"https:\/\/www.avivre-consult.eu\/en\/wp-json\/wp\/v2\/pages\/919\/revisions\/1341"}],"wp:attachment":[{"href":"https:\/\/www.avivre-consult.eu\/en\/wp-json\/wp\/v2\/media?parent=919"}],"curies":[{"name":"wp","href":"https:\/\/api.w.org\/{rel}","templated":true}]}}